{"id":4823,"date":"2026-03-25T15:33:48","date_gmt":"2026-03-25T15:33:48","guid":{"rendered":"https:\/\/www.runabutik.online\/?post_type=product&#038;p=4823"},"modified":"2026-03-25T15:40:24","modified_gmt":"2026-03-25T15:40:24","slug":"dantelli-dokumlu-bluz","status":"publish","type":"product","link":"https:\/\/www.runabutik.online\/index.php\/product\/dantelli-dokumlu-bluz\/","title":{"rendered":"DANTELL\u0130 D\u00d6K\u00dcML\u00dc BLUZ"},"content":{"rendered":"<p>Dantelli D\u00f6k\u00fcml\u00fc Arkas\u0131 D\u00fc\u011fmeli Siyah Bluz<\/p>\n","protected":false},"excerpt":{"rendered":"Dantelli D\u00f6k\u00fcml\u00fc Bluz","protected":false},"featured_media":4827,"comment_status":"open","ping_status":"closed","template":"","meta":[],"product_brand":[],"product_cat":[83],"product_tag":[],"class_list":{"0":"post-4823","1":"product","2":"type-product","3":"status-publish","4":"has-post-thumbnail","6":"product_cat-ust-giyim","7":"product_shipping_class-std","9":"first","10":"instock","11":"sale","12":"shipping-taxable","13":"purchasable","14":"product-type-variable"},"jetpack_sharing_enabled":true,"_links":{"self":[{"href":"https:\/\/www.runabutik.online\/index.php\/wp-json\/wp\/v2\/product\/4823","targetHints":{"allow":["GET"]}}],"collection":[{"href":"https:\/\/www.runabutik.online\/index.php\/wp-json\/wp\/v2\/product"}],"about":[{"href":"https:\/\/www.runabutik.online\/index.php\/wp-json\/wp\/v2\/types\/product"}],"replies":[{"embeddable":true,"href":"https:\/\/www.runabutik.online\/index.php\/wp-json\/wp\/v2\/comments?post=4823"}],"wp:featuredmedia":[{"embeddable":true,"href":"https:\/\/www.runabutik.online\/index.php\/wp-json\/wp\/v2\/media\/4827"}],"wp:attachment":[{"href":"https:\/\/www.runabutik.online\/index.php\/wp-json\/wp\/v2\/media?parent=4823"}],"wp:term":[{"taxonomy":"product_brand","embeddable":true,"href":"https:\/\/www.runabutik.online\/index.php\/wp-json\/wp\/v2\/product_brand?post=4823"},{"taxonomy":"product_cat","embeddable":true,"href":"https:\/\/www.runabutik.online\/index.php\/wp-json\/wp\/v2\/product_cat?post=4823"},{"taxonomy":"product_tag","embeddable":true,"href":"https:\/\/www.runabutik.online\/index.php\/wp-json\/wp\/v2\/product_tag?post=4823"}],"curies":[{"name":"wp","href":"https:\/\/api.w.org\/{rel}","templated":true}]}}