{"id":4514,"date":"2025-12-20T13:34:22","date_gmt":"2025-12-20T13:34:22","guid":{"rendered":"https:\/\/www.runabutik.online\/?post_type=product&#038;p=4514"},"modified":"2026-04-04T19:46:11","modified_gmt":"2026-04-04T19:46:11","slug":"buble-takim","status":"publish","type":"product","link":"https:\/\/www.runabutik.online\/index.php\/product\/buble-takim\/","title":{"rendered":"BUBLE TAKIM"},"content":{"rendered":"<p>MADONNA YAKA B\u00dcR\u00dcMC\u00dcK KUMA\u015e BUBLE TAKIM<\/p>\n","protected":false},"excerpt":{"rendered":"BUBLE TAKIM","protected":false},"featured_media":4804,"comment_status":"open","ping_status":"closed","template":"","meta":[],"product_brand":[],"product_cat":[84,81,83],"product_tag":[],"class_list":{"0":"post-4514","1":"product","2":"type-product","3":"status-publish","4":"has-post-thumbnail","6":"product_cat-alt-giyim","7":"product_cat-takim","8":"product_cat-ust-giyim","9":"product_shipping_class-std","11":"first","12":"instock","13":"sale","14":"shipping-taxable","15":"product-type-external"},"jetpack_sharing_enabled":true,"_links":{"self":[{"href":"https:\/\/www.runabutik.online\/index.php\/wp-json\/wp\/v2\/product\/4514","targetHints":{"allow":["GET"]}}],"collection":[{"href":"https:\/\/www.runabutik.online\/index.php\/wp-json\/wp\/v2\/product"}],"about":[{"href":"https:\/\/www.runabutik.online\/index.php\/wp-json\/wp\/v2\/types\/product"}],"replies":[{"embeddable":true,"href":"https:\/\/www.runabutik.online\/index.php\/wp-json\/wp\/v2\/comments?post=4514"}],"wp:featuredmedia":[{"embeddable":true,"href":"https:\/\/www.runabutik.online\/index.php\/wp-json\/wp\/v2\/media\/4804"}],"wp:attachment":[{"href":"https:\/\/www.runabutik.online\/index.php\/wp-json\/wp\/v2\/media?parent=4514"}],"wp:term":[{"taxonomy":"product_brand","embeddable":true,"href":"https:\/\/www.runabutik.online\/index.php\/wp-json\/wp\/v2\/product_brand?post=4514"},{"taxonomy":"product_cat","embeddable":true,"href":"https:\/\/www.runabutik.online\/index.php\/wp-json\/wp\/v2\/product_cat?post=4514"},{"taxonomy":"product_tag","embeddable":true,"href":"https:\/\/www.runabutik.online\/index.php\/wp-json\/wp\/v2\/product_tag?post=4514"}],"curies":[{"name":"wp","href":"https:\/\/api.w.org\/{rel}","templated":true}]}}