{"id":4452,"date":"2025-12-19T23:51:59","date_gmt":"2025-12-19T23:51:59","guid":{"rendered":"http:\/\/www.runabutik.online\/?page_id=4452"},"modified":"2025-12-22T00:14:49","modified_gmt":"2025-12-22T00:14:49","slug":"gizlilik-ve-guvenlik-politikasi","status":"publish","type":"page","link":"https:\/\/www.runabutik.online\/index.php\/gizlilik-ve-guvenlik-politikasi\/","title":{"rendered":"Gizlilik ve G\u00fcvenlik Politikas\u0131"},"content":{"rendered":"\n<p><a href=\"https:\/\/www.runabutik.online\/\">https:\/\/www.runabutik.online\/<\/a>, daha iyi hizmet verebilmek amac\u0131yla birtak\u0131m ki\u015fisel bilgileri (isim, e-posta, cep telefonu vb.) sizlerden talep etmektedir. Unutulmamal\u0131d\u0131r ki, ki\u015fisel bilgilerinizin korunmas\u0131 ve \u00f6deme s\u0131ras\u0131ndaki g\u00fcvenli\u011finiz bizler i\u00e7in \u00e7ok \u00f6nemlidir.<\/p>\n\n\n\n<p><a href=\"https:\/\/www.runabutik.online\/\">https:\/\/www.runabutik.online\/<\/a>, \u00fcyelik formlar\u0131ndan toplad\u0131\u011f\u0131 bilgileri; <a href=\"https:\/\/www.runabutik.online\/\">https:\/\/www.runabutik.online\/<\/a>\u00a0ileti\u015fimi harici herhangi bir kapsamda, s\u00f6z konusu \u00fcyenin haberi olmadan ya da aksi bir talimat vermeden faaliyet d\u0131\u015f\u0131 hi\u00e7bir nedenle ticari ama\u00e7la kullanmamaktad\u0131r.<\/p>\n\n\n\n<p>Sipari\u015flerin en iyi \u015fekilde kar\u015f\u0131lanmas\u0131 i\u00e7in, i\u015fin tamamlanmas\u0131na y\u00f6nelik bilgiler\u00a0<a href=\"https:\/\/www.runabutik.online\/\">https:\/\/www.runabutik.online\/<\/a>\u2019da saklan\u0131r ve gerekti\u011finde teslimat s\u0131ras\u0131nda lojistik ve kargo firmalar\u0131na aktar\u0131l\u0131r. M\u00fc\u015fteri bilgileri, yeni sat\u0131\u015f kampanyalar\u0131 hakk\u0131nda bilgi vermek, \u00fcr\u00fcn ve hizmet sunumunu iyile\u015ftirmek \u00fczere saklar ve kullan\u0131r.<\/p>\n\n\n\n<p>\u00d6demenin ger\u00e7ekle\u015ftirilmesi i\u00e7in gerekli olan bilgiler (\u00f6rne\u011fin; kredi kart\u0131 numaras\u0131 )\u00a0<a href=\"https:\/\/www.runabutik.online\/\">https:\/\/www.runabutik.online\/<\/a>\u00a0taraf\u0131ndan\u00a0<strong>saklanmamaktad\u0131r<\/strong>. Bu bilgiler anla\u015fmal\u0131 olarak kulland\u0131\u011f\u0131m\u0131z sistemin yap\u0131s\u0131nda bulunan bankalara direk olarak aktar\u0131lmaktad\u0131r. <a href=\"https:\/\/www.runabutik.online\/\">www.runabutik.online<\/a>\u00a0kullan\u0131c\u0131lar\u0131n\u0131n g\u00fcvenli bir \u015fekilde bilgilerini i\u015fleyebilmeleri i\u00e7in, SSL-Tabanl\u0131 \u015fifreleme yap\u0131s\u0131 kullanmaktad\u0131r.<\/p>\n\n\n\n<p>Kullan\u0131c\u0131lar\u00a0<a href=\"https:\/\/www.runabutik.online\/\">https:\/\/www.runabutik.online\/<\/a>\u2019da kendileri hakk\u0131nda hangi bilgilerin saklanm\u0131\u015f oldu\u011funu \u00f6\u011frenmek i\u00e7in yaz\u0131l\u0131 bilgi talep edebilirler. Olas\u0131 d\u00fczeltmeler, engellemeler veya bilgilerin silinmesi hakk\u0131ndaki talepleriniz (yasalar\u0131n \u00f6ng\u00f6rd\u00fc\u011f\u00fc \u00f6l\u00e7\u00fcde) derhal i\u015fleme al\u0131nmaktad\u0131r.<\/p>\n\n\n\n<p>Deste\u011fe ihtiyac\u0131n\u0131z oldu\u011fu anda&nbsp;runawearr@gmail.com&#8217;dan bizlerle ileti\u015fime ge\u00e7ebilirsiniz.<\/p>\n\n\n\n<p>Sayg\u0131lar\u0131m\u0131zla,<\/p>\n","protected":false},"excerpt":{"rendered":"https:\/\/www.runabutik.online\/, daha iyi hizmet verebilmek amac\u0131yla birtak\u0131m ki\u015fisel bilgileri (isim, e-posta, cep telefonu vb.) sizlerden talep etmektedir. Unutulmamal\u0131d\u0131r ki, ki\u015fisel bilgilerinizin korunmas\u0131 ve \u00f6deme s\u0131ras\u0131ndaki g\u00fcvenli\u011finiz bizler i\u00e7in \u00e7ok \u00f6nemlidir. https:\/\/www.runabutik.online\/, \u00fcyelik formlar\u0131ndan toplad\u0131\u011f\u0131 bilgileri; https:\/\/www.runabutik.online\/\u00a0ileti\u015fimi harici herhangi bir kapsamda, s\u00f6z konusu \u00fcyenin haberi olmadan ya da aksi bir talimat vermeden faaliyet d\u0131\u015f\u0131 hi\u00e7bir nedenle[&#8230;]","protected":false},"author":1,"featured_media":0,"parent":0,"menu_order":0,"comment_status":"closed","ping_status":"closed","template":"","meta":{"footnotes":""},"class_list":["post-4452","page","type-page","status-publish","hentry"],"jetpack_sharing_enabled":true,"_links":{"self":[{"href":"https:\/\/www.runabutik.online\/index.php\/wp-json\/wp\/v2\/pages\/4452","targetHints":{"allow":["GET"]}}],"collection":[{"href":"https:\/\/www.runabutik.online\/index.php\/wp-json\/wp\/v2\/pages"}],"about":[{"href":"https:\/\/www.runabutik.online\/index.php\/wp-json\/wp\/v2\/types\/page"}],"author":[{"embeddable":true,"href":"https:\/\/www.runabutik.online\/index.php\/wp-json\/wp\/v2\/users\/1"}],"replies":[{"embeddable":true,"href":"https:\/\/www.runabutik.online\/index.php\/wp-json\/wp\/v2\/comments?post=4452"}],"version-history":[{"count":2,"href":"https:\/\/www.runabutik.online\/index.php\/wp-json\/wp\/v2\/pages\/4452\/revisions"}],"predecessor-version":[{"id":4551,"href":"https:\/\/www.runabutik.online\/index.php\/wp-json\/wp\/v2\/pages\/4452\/revisions\/4551"}],"wp:attachment":[{"href":"https:\/\/www.runabutik.online\/index.php\/wp-json\/wp\/v2\/media?parent=4452"}],"curies":[{"name":"wp","href":"https:\/\/api.w.org\/{rel}","templated":true}]}}