{"id":4449,"date":"2025-12-19T23:46:59","date_gmt":"2025-12-19T23:46:59","guid":{"rendered":"http:\/\/www.runabutik.online\/?page_id=4449"},"modified":"2026-01-12T09:39:01","modified_gmt":"2026-01-12T09:39:01","slug":"mesafeli-satis-sozlesmesi","status":"publish","type":"page","link":"https:\/\/www.runabutik.online\/index.php\/mesafeli-satis-sozlesmesi\/","title":{"rendered":"Mesafeli Sat\u0131\u015f S\u00f6zle\u015fmesi"},"content":{"rendered":"\n<p><strong>MADDE 1 \u2013 TARAFLAR<\/strong><\/p>\n\n\n\n<p><strong>1.1. SATICI<\/strong><br><strong>\u00dcnvan\u0131:<\/strong>\u00a0VIAFAST LOJ\u0130ST\u0130K \u0130THALAT VE \u0130HRACAT L\u0130M\u0130TED \u015e\u0130RKET\u0130<br><strong>Adres:<\/strong>\u00a0A\u015f\u0131k Veysel Mahallesi, 34510 \u0130stanbul\/Esenyurt\/Esenkent<br><strong>Telefon:<\/strong>\u00a00530 671 65 99<br><strong>E-posta:<\/strong>\u00a0<a href=\"mailto:runawearr@gmail.com\">runawearr@gmail.com<\/a><br><strong>Web Sitesi:<\/strong>\u00a0<a href=\"https:\/\/www.runabutik.online\/\">https:\/\/www.runabutik.online\/<\/a><\/p>\n\n\n\n<p><strong>1.2. ALICI<\/strong><br>Al\u0131c\u0131,&nbsp;<code>https:\/\/www.runabutik.online\/<\/code>&nbsp;al\u0131\u015fveri\u015f sitesine \u00fcye olan veya sipari\u015f veren ki\u015fidir. \u00dcye olurken veya sipari\u015f verirken kullan\u0131lan adres ve ileti\u015fim bilgileri esas al\u0131n\u0131r.<\/p>\n\n\n\n<p><strong>MADDE 2 \u2013 KONU<\/strong><br>\u0130\u015fbu s\u00f6zle\u015fmenin konusu, ALICI&#8217;n\u0131n SATICI&#8217;ya ait&nbsp;<code>https:\/\/www.runabutik.online\/<\/code>&nbsp;internet sitesinden elektronik ortamda sipari\u015fini yapt\u0131\u011f\u0131 a\u015fa\u011f\u0131da nitelikleri ve sat\u0131\u015f fiyat\u0131 belirtilen \u00fcr\u00fcn\u00fcn sat\u0131\u015f\u0131 ve teslimi ile ilgili olarak 6502 say\u0131l\u0131 T\u00fcketicinin Korunmas\u0131 Hakk\u0131nda Kanun ve Mesafeli S\u00f6zle\u015fmeler Y\u00f6netmeli\u011fi h\u00fck\u00fcmleri gere\u011fince taraflar\u0131n hak ve y\u00fck\u00fcml\u00fcl\u00fcklerinin saptanmas\u0131d\u0131r.<\/p>\n\n\n\n<p><strong>MADDE 3 \u2013 S\u00d6ZLE\u015eME KONUSU \u00dcR\u00dcN<\/strong><br>\u00dcr\u00fcnlerin cinsi ve t\u00fcr\u00fc, miktar\u0131, marka\/modeli, rengi ve t\u00fcm vergiler dahil sat\u0131\u015f bedeli, ALICI taraf\u0131ndan sipari\u015f esnas\u0131nda onaylanan bilgilerde belirtildi\u011fi gibidir.<\/p>\n\n\n\n<p><strong>MADDE 4 \u2013 GENEL H\u00dcK\u00dcMLER<\/strong><br><strong>4.1.<\/strong>&nbsp;ALICI,&nbsp;<code>https:\/\/www.runabutik.online\/<\/code>&nbsp;internet sitesinde s\u00f6zle\u015fme konusu \u00fcr\u00fcn\u00fcn temel nitelikleri, sat\u0131\u015f fiyat\u0131 ve \u00f6deme \u015fekli ile teslimata ili\u015fkin \u00f6n bilgileri okuyup bilgi sahibi oldu\u011funu ve elektronik ortamda gerekli teyidi verdi\u011fini beyan eder.<br><strong>4.2.<\/strong>&nbsp;S\u00f6zle\u015fme konusu \u00fcr\u00fcn, yasal 30 g\u00fcnl\u00fck s\u00fcreyi a\u015fmamak ko\u015fulu ile her bir \u00fcr\u00fcn i\u00e7in ALICI&#8217;n\u0131n yerle\u015fim yerinin uzakl\u0131\u011f\u0131na ba\u011fl\u0131 olarak internet sitesinde \u00f6n bilgiler i\u00e7inde a\u00e7\u0131klanan s\u00fcre zarf\u0131nda ALICI veya g\u00f6sterdi\u011fi adresteki ki\u015fi\/kurulu\u015fa teslim edilir.<br><strong>4.3.<\/strong>&nbsp;S\u00f6zle\u015fme konusu \u00fcr\u00fcn, ALICI&#8217;dan ba\u015fka bir ki\u015fi\/kurulu\u015fa teslim edilecek ise, teslim edilecek ki\u015fi\/kurulu\u015fun teslimat\u0131 kabul etmemesinden SATICI sorumlu tutulamaz.<br><strong>4.4.<\/strong>&nbsp;SATICI, s\u00f6zle\u015fme konusu \u00fcr\u00fcn\u00fcn sa\u011flam, eksiksiz, sipari\u015fte belirtilen niteliklere uygun ve varsa garanti belgeleri ve kullan\u0131m k\u0131lavuzlar\u0131 ile teslim edilmesinden sorumludur.<br><strong>4.5.<\/strong>&nbsp;S\u00f6zle\u015fme konusu \u00fcr\u00fcn\u00fcn teslimat\u0131 i\u00e7in i\u015fbu s\u00f6zle\u015fmenin bedelinin ALICI&#8217;n\u0131n tercih etti\u011fi \u00f6deme \u015fekli ile \u00f6denmi\u015f olmas\u0131 \u015fartt\u0131r. Herhangi bir nedenle \u00fcr\u00fcn bedeli \u00f6denmez veya banka kay\u0131tlar\u0131nda iptal edilir ise, SATICI \u00fcr\u00fcn\u00fcn teslimi y\u00fck\u00fcml\u00fcl\u00fc\u011f\u00fcnden kurtulmu\u015f kabul edilir.<\/p>\n\n\n\n<p><strong>MADDE 5 \u2013 CAYMA HAKKI<\/strong><br>ALICI, s\u00f6zle\u015fme konusu \u00fcr\u00fcn\u00fcn kendisine veya g\u00f6sterdi\u011fi adresteki ki\u015fi\/kurulu\u015fa tesliminden itibaren&nbsp;<strong>14 (on d\u00f6rt)<\/strong>&nbsp;g\u00fcn i\u00e7inde cayma hakk\u0131na sahiptir. Cayma hakk\u0131n\u0131n kullan\u0131lmas\u0131 i\u00e7in bu s\u00fcre i\u00e7inde SATICI&#8217;ya faks, e-posta veya telefon ile bildirimde bulunulmas\u0131 ve \u00fcr\u00fcn\u00fcn 6. madde h\u00fck\u00fcmleri \u00e7er\u00e7evesinde kullan\u0131lmam\u0131\u015f olmas\u0131 \u015fartt\u0131r.<\/p>\n\n\n\n<p>Bu hakk\u0131n kullan\u0131lmas\u0131 halinde:<br>a) 3. ki\u015fiye veya ALICI&#8217;ya teslim edilen \u00fcr\u00fcn\u00fcn faturas\u0131,<br>b) \u0130ade formu,<br>c) \u0130ade edilecek \u00fcr\u00fcnlerin kutusu, ambalaj\u0131, varsa standart aksesuarlar\u0131 ile birlikte eksiksiz ve hasars\u0131z olarak teslim edilmesi gerekmektedir.<br>\u00dcr\u00fcn bedeli, iade belgelerinin SATICI&#8217;ya ula\u015fmas\u0131n\u0131 takip eden 10 g\u00fcn i\u00e7inde ALICI&#8217;ya iade edilir.<\/p>\n\n\n\n<p><strong>MADDE 6 \u2013 CAYMA HAKKI KULLANILAMAYACAK \u00dcR\u00dcNLER<\/strong><br>Niteli\u011fi itibar\u0131yla iade edilemeyecek \u00fcr\u00fcnler, tek kullan\u0131ml\u0131k \u00fcr\u00fcnler, kopyalanabilir yaz\u0131l\u0131m ve programlar, h\u0131zl\u0131 bozulan veya son kullan\u0131m tarihi ge\u00e7en \u00fcr\u00fcnler i\u00e7in cayma hakk\u0131 kullan\u0131lamaz. Ayr\u0131ca, t\u00fcketicinin istekleri veya ki\u015fisel ihtiya\u00e7lar\u0131 do\u011frultusunda haz\u0131rlanan (ki\u015fiye \u00f6zel \u00fcretim) \u00fcr\u00fcnlerde cayma hakk\u0131 s\u00f6z konusu de\u011fildir. \u0130\u00e7 giyim \u00fcr\u00fcnleri, mayo ve bikinilerde hijyen band\u0131 a\u00e7\u0131lm\u0131\u015fsa iade al\u0131nmaz.<\/p>\n\n\n\n<p><strong>MADDE 7 \u2013 YETK\u0130L\u0130 MAHKEME<\/strong><br>\u0130\u015fbu s\u00f6zle\u015fmenin uygulanmas\u0131nda, Sanayi ve Ticaret Bakanl\u0131\u011f\u0131nca ilan edilen de\u011fere kadar T\u00fcketici Hakem Heyetleri ile ALICI&#8217;n\u0131n veya SATICI&#8217;n\u0131n yerle\u015fim yerindeki T\u00fcketici Mahkemeleri yetkilidir.<\/p>\n\n\n\n<p><strong>SATICI:<\/strong>&nbsp;VIAFAST LOJ\u0130ST\u0130K \u0130THALAT VE \u0130HRACAT L\u0130M\u0130TED \u015e\u0130RKET\u0130<br><strong>ALICI:<\/strong>&nbsp;(Sipari\u015f Veren M\u00fc\u015fteri)<br><strong>TAR\u0130H:<\/strong>&nbsp;(Sipari\u015f Tarihi)<\/p>\n","protected":false},"excerpt":{"rendered":"MADDE 1 \u2013 TARAFLAR 1.1. SATICI\u00dcnvan\u0131:\u00a0VIAFAST LOJ\u0130ST\u0130K \u0130THALAT VE \u0130HRACAT L\u0130M\u0130TED \u015e\u0130RKET\u0130Adres:\u00a0A\u015f\u0131k Veysel Mahallesi, 34510 \u0130stanbul\/Esenyurt\/EsenkentTelefon:\u00a00530 671 65 99E-posta:\u00a0runawearr@gmail.comWeb Sitesi:\u00a0https:\/\/www.runabutik.online\/ 1.2. ALICIAl\u0131c\u0131,&nbsp;https:\/\/www.runabutik.online\/&nbsp;al\u0131\u015fveri\u015f sitesine \u00fcye olan veya sipari\u015f veren ki\u015fidir. \u00dcye olurken veya sipari\u015f verirken kullan\u0131lan adres ve ileti\u015fim bilgileri esas al\u0131n\u0131r. MADDE 2 \u2013 KONU\u0130\u015fbu s\u00f6zle\u015fmenin konusu, ALICI&#8217;n\u0131n SATICI&#8217;ya ait&nbsp;https:\/\/www.runabutik.online\/&nbsp;internet sitesinden elektronik ortamda sipari\u015fini yapt\u0131\u011f\u0131[&#8230;]","protected":false},"author":1,"featured_media":0,"parent":0,"menu_order":0,"comment_status":"closed","ping_status":"closed","template":"","meta":{"footnotes":""},"class_list":["post-4449","page","type-page","status-publish","hentry"],"jetpack_sharing_enabled":true,"_links":{"self":[{"href":"https:\/\/www.runabutik.online\/index.php\/wp-json\/wp\/v2\/pages\/4449","targetHints":{"allow":["GET"]}}],"collection":[{"href":"https:\/\/www.runabutik.online\/index.php\/wp-json\/wp\/v2\/pages"}],"about":[{"href":"https:\/\/www.runabutik.online\/index.php\/wp-json\/wp\/v2\/types\/page"}],"author":[{"embeddable":true,"href":"https:\/\/www.runabutik.online\/index.php\/wp-json\/wp\/v2\/users\/1"}],"replies":[{"embeddable":true,"href":"https:\/\/www.runabutik.online\/index.php\/wp-json\/wp\/v2\/comments?post=4449"}],"version-history":[{"count":4,"href":"https:\/\/www.runabutik.online\/index.php\/wp-json\/wp\/v2\/pages\/4449\/revisions"}],"predecessor-version":[{"id":4621,"href":"https:\/\/www.runabutik.online\/index.php\/wp-json\/wp\/v2\/pages\/4449\/revisions\/4621"}],"wp:attachment":[{"href":"https:\/\/www.runabutik.online\/index.php\/wp-json\/wp\/v2\/media?parent=4449"}],"curies":[{"name":"wp","href":"https:\/\/api.w.org\/{rel}","templated":true}]}}