{"id":4059,"date":"2017-10-03T08:15:04","date_gmt":"2017-10-03T08:15:04","guid":{"rendered":"https:\/\/victorthemes.com\/themes\/elsey\/?page_id=4059"},"modified":"2026-01-12T09:34:57","modified_gmt":"2026-01-12T09:34:57","slug":"team-page","status":"publish","type":"page","link":"https:\/\/www.runabutik.online\/index.php\/team-page\/","title":{"rendered":"Teslimat ve \u0130ade \u015eartlar\u0131"},"content":{"rendered":"<p><strong>Teslimat ve \u0130ade \u015eartlar\u0131<\/strong><\/p>\n<p><strong>Teslimat Bilgileri<\/strong><br \/>\nRuna Butik (runabutik.online) \u00fczerinden verdi\u011finiz sipari\u015fler, \u00f6deme onay\u0131n\u0131n ard\u0131ndan en ge\u00e7 1-3 i\u015f g\u00fcn\u00fc i\u00e7erisinde kargoya teslim edilir. Kargo firmas\u0131n\u0131n yo\u011funlu\u011funa ve teslimat adresinin uzakl\u0131\u011f\u0131na ba\u011fl\u0131 olarak paketiniz 1 ila 4 i\u015f g\u00fcn\u00fc i\u00e7erisinde size ula\u015ft\u0131r\u0131l\u0131r. Sipari\u015finizin durumunu &#8220;Hesab\u0131m&#8221; sayfas\u0131ndan takip edebilirsiniz.<\/p>\n<p><strong>\u0130ade Ko\u015fullar\u0131<\/strong><br \/>\nM\u00fc\u015fteri memnuniyeti bizim i\u00e7in esast\u0131r. Sat\u0131n ald\u0131\u011f\u0131n\u0131z \u00fcr\u00fcnden memnun kalmaman\u0131z durumunda, \u00fcr\u00fcn\u00fc teslim ald\u0131\u011f\u0131n\u0131z tarihten itibaren\u00a0<strong>14 g\u00fcn<\/strong>\u00a0i\u00e7erisinde iade etme hakk\u0131n\u0131z bulunmaktad\u0131r.<\/p>\n<p><strong>\u0130ade \u015eartlar\u0131:<\/strong><\/p>\n<ul>\n<li>\u0130ade edilecek \u00fcr\u00fcn\u00fcn\u00a0<strong>kullan\u0131lmam\u0131\u015f, y\u0131kanmam\u0131\u015f, etiketi kopar\u0131lmam\u0131\u015f<\/strong>\u00a0ve tekrar sat\u0131labilir \u00f6zelli\u011fini kaybetmemi\u015f olmas\u0131 gerekmektedir.<\/li>\n<li>\u0130\u00e7 giyim, mayo, bikini gibi hijyenik \u00fcr\u00fcnlerde (koruma band\u0131 a\u00e7\u0131lm\u0131\u015fsa) ve ki\u015fiye \u00f6zel \u00fcretilen \u00fcr\u00fcnlerde iade kabul edilmemektedir.<\/li>\n<li>\u0130ade i\u015flemleri i\u00e7in l\u00fctfen \u00f6nce bizimle ileti\u015fime ge\u00e7iniz.<\/li>\n<\/ul>\n<p><strong>\u0130leti\u015fim ve \u0130ade Adresi:<\/strong><\/p>\n<ul>\n<li><strong>\u00dcnvan:<\/strong>\u00a0VIAFAST LOJ\u0130ST\u0130K \u0130THALAT VE \u0130HRACAT L\u0130M\u0130TED \u015e\u0130RKET\u0130<\/li>\n<li><strong>Adres:<\/strong> A\u015f\u0131k Veysel Mahallesi, 34510 \u0130stanbul\/Esenyurt\/Esenkent<\/li>\n<li><strong>Whatsapp\/Destek:<\/strong> 0543 575 14 22<\/li>\n<li><strong>E-posta:<\/strong>\u00a0<a href=\"mailto:runawearr@gmail.com\">runawearr@gmail.com<\/a><\/li>\n<\/ul>\n<p><strong>Geri \u00d6deme:<\/strong><br \/>\n\u0130adeniz depomuza ula\u015f\u0131p kontrolleri yap\u0131ld\u0131ktan sonra, \u00fccret iadeniz 3-7 i\u015f g\u00fcn\u00fc i\u00e7erisinde \u00f6deme yapt\u0131\u011f\u0131n\u0131z karta\/hesaba yans\u0131t\u0131l\u0131r.<\/p>\n","protected":false},"excerpt":{"rendered":"Teslimat ve \u0130ade \u015eartlar\u0131 Teslimat Bilgileri Runa Butik (runabutik.online) \u00fczerinden verdi\u011finiz sipari\u015fler, \u00f6deme onay\u0131n\u0131n ard\u0131ndan en ge\u00e7 1-3 i\u015f g\u00fcn\u00fc i\u00e7erisinde kargoya teslim edilir. Kargo firmas\u0131n\u0131n yo\u011funlu\u011funa ve teslimat adresinin uzakl\u0131\u011f\u0131na ba\u011fl\u0131 olarak paketiniz 1 ila 4 i\u015f g\u00fcn\u00fc i\u00e7erisinde size ula\u015ft\u0131r\u0131l\u0131r. Sipari\u015finizin durumunu &#8220;Hesab\u0131m&#8221; sayfas\u0131ndan takip edebilirsiniz. \u0130ade Ko\u015fullar\u0131 M\u00fc\u015fteri memnuniyeti bizim i\u00e7in esast\u0131r.[&#8230;]","protected":false},"author":1,"featured_media":0,"parent":0,"menu_order":0,"comment_status":"closed","ping_status":"closed","template":"","meta":{"footnotes":""},"class_list":["post-4059","page","type-page","status-publish","hentry"],"jetpack_sharing_enabled":true,"_links":{"self":[{"href":"https:\/\/www.runabutik.online\/index.php\/wp-json\/wp\/v2\/pages\/4059","targetHints":{"allow":["GET"]}}],"collection":[{"href":"https:\/\/www.runabutik.online\/index.php\/wp-json\/wp\/v2\/pages"}],"about":[{"href":"https:\/\/www.runabutik.online\/index.php\/wp-json\/wp\/v2\/types\/page"}],"author":[{"embeddable":true,"href":"https:\/\/www.runabutik.online\/index.php\/wp-json\/wp\/v2\/users\/1"}],"replies":[{"embeddable":true,"href":"https:\/\/www.runabutik.online\/index.php\/wp-json\/wp\/v2\/comments?post=4059"}],"version-history":[{"count":5,"href":"https:\/\/www.runabutik.online\/index.php\/wp-json\/wp\/v2\/pages\/4059\/revisions"}],"predecessor-version":[{"id":4619,"href":"https:\/\/www.runabutik.online\/index.php\/wp-json\/wp\/v2\/pages\/4059\/revisions\/4619"}],"wp:attachment":[{"href":"https:\/\/www.runabutik.online\/index.php\/wp-json\/wp\/v2\/media?parent=4059"}],"curies":[{"name":"wp","href":"https:\/\/api.w.org\/{rel}","templated":true}]}}