{"id":26,"date":"2017-02-28T12:37:09","date_gmt":"2017-02-28T12:37:09","guid":{"rendered":"http:\/\/victorthemes.com\/themes\/elsey\/?page_id=26"},"modified":"2026-01-12T09:35:45","modified_gmt":"2026-01-12T09:35:45","slug":"about","status":"publish","type":"page","link":"https:\/\/www.runabutik.online\/index.php\/about\/","title":{"rendered":"Hakk\u0131m\u0131zda"},"content":{"rendered":"<p><strong>Hakk\u0131m\u0131zda<\/strong><br \/>\nRuna Butik olarak, moday\u0131 yak\u0131ndan takip eden, tarz\u0131na \u00f6nem veren ve kaliteyi arayan m\u00fc\u015fterilerimize en trend \u00fcr\u00fcnleri en uygun fiyatlarla sunmak amac\u0131yla yola \u00e7\u0131kt\u0131k.<\/p>\n<p>M\u00fc\u015fteri memnuniyetini her zaman \u00f6n planda tutan hizmet anlay\u0131\u015f\u0131m\u0131zla, sadece bir al\u0131\u015fveri\u015f sitesi de\u011fil, ayn\u0131 zamanda g\u00fcvenilir bir moda dura\u011f\u0131 olmay\u0131 hedefliyoruz. Sezonun en \u015f\u0131k par\u00e7alar\u0131n\u0131, g\u00fcvenli al\u0131\u015fveri\u015f altyap\u0131m\u0131z ve h\u0131zl\u0131 teslimat avantajlar\u0131m\u0131zla kap\u0131n\u0131za kadar getiriyoruz.<\/p>\n<p><strong>Firma Bilgileri:<\/strong><\/p>\n<p>Sitemiz \u00fczerinden yapaca\u011f\u0131n\u0131z t\u00fcm al\u0131\u015fveri\u015fler yasal g\u00fcvence alt\u0131ndad\u0131r.<\/p>\n<ul>\n<li><strong>\u015eirket \u00dcnvan\u0131:<\/strong>\u00a0VIAFAST LOJ\u0130ST\u0130K \u0130THALAT VE \u0130HRACAT L\u0130M\u0130TED \u015e\u0130RKET\u0130<\/li>\n<li><strong>Adres:<\/strong> A\u015f\u0131k Veysel Mahallesi, 34510 \u0130stanbul\/Esenyurt\/Esenkent<\/li>\n<li><strong>Telefon:<\/strong> 0543 575 14 22<\/li>\n<li><strong>E-posta:<\/strong>\u00a0<a href=\"mailto:runawearr@gmail.com\">runawearr@gmail.com<\/a><\/li>\n<\/ul>\n<p>Bizi tercih etti\u011finiz i\u00e7in te\u015fekk\u00fcr ederiz.<\/p>\n","protected":false},"excerpt":{"rendered":"Hakk\u0131m\u0131zda Runa Butik olarak, moday\u0131 yak\u0131ndan takip eden, tarz\u0131na \u00f6nem veren ve kaliteyi arayan m\u00fc\u015fterilerimize en trend \u00fcr\u00fcnleri en uygun fiyatlarla sunmak amac\u0131yla yola \u00e7\u0131kt\u0131k. M\u00fc\u015fteri memnuniyetini her zaman \u00f6n planda tutan hizmet anlay\u0131\u015f\u0131m\u0131zla, sadece bir al\u0131\u015fveri\u015f sitesi de\u011fil, ayn\u0131 zamanda g\u00fcvenilir bir moda dura\u011f\u0131 olmay\u0131 hedefliyoruz. Sezonun en \u015f\u0131k par\u00e7alar\u0131n\u0131, g\u00fcvenli al\u0131\u015fveri\u015f altyap\u0131m\u0131z ve[&#8230;]","protected":false},"author":1,"featured_media":0,"parent":0,"menu_order":0,"comment_status":"closed","ping_status":"closed","template":"","meta":{"footnotes":""},"class_list":["post-26","page","type-page","status-publish","hentry"],"jetpack_sharing_enabled":true,"_links":{"self":[{"href":"https:\/\/www.runabutik.online\/index.php\/wp-json\/wp\/v2\/pages\/26","targetHints":{"allow":["GET"]}}],"collection":[{"href":"https:\/\/www.runabutik.online\/index.php\/wp-json\/wp\/v2\/pages"}],"about":[{"href":"https:\/\/www.runabutik.online\/index.php\/wp-json\/wp\/v2\/types\/page"}],"author":[{"embeddable":true,"href":"https:\/\/www.runabutik.online\/index.php\/wp-json\/wp\/v2\/users\/1"}],"replies":[{"embeddable":true,"href":"https:\/\/www.runabutik.online\/index.php\/wp-json\/wp\/v2\/comments?post=26"}],"version-history":[{"count":5,"href":"https:\/\/www.runabutik.online\/index.php\/wp-json\/wp\/v2\/pages\/26\/revisions"}],"predecessor-version":[{"id":4620,"href":"https:\/\/www.runabutik.online\/index.php\/wp-json\/wp\/v2\/pages\/26\/revisions\/4620"}],"wp:attachment":[{"href":"https:\/\/www.runabutik.online\/index.php\/wp-json\/wp\/v2\/media?parent=26"}],"curies":[{"name":"wp","href":"https:\/\/api.w.org\/{rel}","templated":true}]}}